{"id":605,"date":"2026-01-15T13:06:10","date_gmt":"2026-01-15T13:06:10","guid":{"rendered":"https:\/\/advibe-agency.com\/?page_id=605"},"modified":"2026-01-15T13:14:58","modified_gmt":"2026-01-15T13:14:58","slug":"contacts","status":"publish","type":"page","link":"https:\/\/advibe-agency.com\/pl\/contacts\/","title":{"rendered":"Contacts"},"content":{"rendered":"<div data-elementor-type=\"wp-page\" data-elementor-id=\"605\" class=\"elementor elementor-605\">\n\t\t\t\t<div class=\"elementor-element elementor-element-19d94a74 e-flex e-con-boxed e-con e-parent\" data-id=\"19d94a74\" data-element_type=\"container\" data-settings=\"{&quot;background_background&quot;:&quot;classic&quot;}\">\n\t\t\t\t\t<div class=\"e-con-inner\">\n\t\t<div class=\"elementor-element elementor-element-550f2a6d e-con-full e-flex e-con e-child\" data-id=\"550f2a6d\" data-element_type=\"container\">\n\t\t\t\t<div class=\"elementor-element elementor-element-1ebb5517 elementor-invisible elementor-widget elementor-widget-heading\" data-id=\"1ebb5517\" data-element_type=\"widget\" data-settings=\"{&quot;_animation&quot;:&quot;fadeIn&quot;}\" data-widget_type=\"heading.default\">\n\t\t\t\t\t<h2 class=\"elementor-heading-title elementor-size-default\">Prosz\u0119 wys\u0142a\u0107 zapytanie, a my skontaktujemy si\u0119 z tob\u0105<\/h2>\t\t\t\t<\/div>\n\t\t\t\t<\/div>\n\t\t<div class=\"elementor-element elementor-element-66308f56 e-con-full applyForm e-flex elementor-invisible e-con e-child\" data-id=\"66308f56\" data-element_type=\"container\" data-settings=\"{&quot;animation&quot;:&quot;fadeIn&quot;}\">\n\t\t<div class=\"elementor-element elementor-element-72fa115 e-con-full applyFormWrap e-flex e-con e-child\" data-id=\"72fa115\" data-element_type=\"container\" data-settings=\"{&quot;background_background&quot;:&quot;classic&quot;}\">\n\t\t\t\t<div class=\"elementor-element elementor-element-4a875b08 elementor-widget elementor-widget-shortcode\" data-id=\"4a875b08\" data-element_type=\"widget\" data-widget_type=\"shortcode.default\">\n\t\t\t\t\t\t\t<div class=\"elementor-shortcode\">\n<div class=\"wpcf7 no-js\" id=\"wpcf7-f607-o1\" lang=\"en-GB\" dir=\"ltr\" data-wpcf7-id=\"607\">\n<div class=\"screen-reader-response\"><p role=\"status\" aria-live=\"polite\" aria-atomic=\"true\"><\/p> <ul><\/ul><\/div>\n<form action=\"\/pl\/wp-json\/wp\/v2\/pages\/605#wpcf7-f607-o1\" method=\"post\" class=\"wpcf7-form init\" aria-label=\"Contact form\" enctype=\"multipart\/form-data\" novalidate=\"novalidate\" data-status=\"init\" data-trp-original-action=\"\/pl\/wp-json\/wp\/v2\/pages\/605#wpcf7-f607-o1\">\n<fieldset class=\"hidden-fields-container\"><input type=\"hidden\" name=\"_wpcf7\" value=\"607\" \/><input type=\"hidden\" name=\"_wpcf7_version\" value=\"6.1.4\" \/><input type=\"hidden\" name=\"_wpcf7_locale\" value=\"en_GB\" \/><input type=\"hidden\" name=\"_wpcf7_unit_tag\" value=\"wpcf7-f607-o1\" \/><input type=\"hidden\" name=\"_wpcf7_container_post\" value=\"0\" \/><input type=\"hidden\" name=\"_wpcf7_posted_data_hash\" value=\"\" \/>\n<\/fieldset>\n<p><label> Twoje imi\u0119<span class=\"reqiredStyle\">*<\/span><br \/>\n<span class=\"wpcf7-form-control-wrap\" data-name=\"your-name\"><input size=\"40\" maxlength=\"400\" class=\"wpcf7-form-control wpcf7-text wpcf7-validates-as-required\" aria-required=\"true\" aria-invalid=\"false\" value=\"\" type=\"text\" name=\"your-name\" \/><\/span> <\/label>\n<\/p>\n<div class=\"hideTel\">\n\t<p><span class=\"wpcf7-form-control-wrap\" data-name=\"tel-686\"><input size=\"40\" maxlength=\"400\" class=\"wpcf7-form-control wpcf7-tel wpcf7-text wpcf7-validates-as-tel\" id=\"hideTel\" aria-invalid=\"false\" value=\"\" type=\"tel\" name=\"tel-686\" \/><\/span>\n\t<\/p>\n<\/div>\n<p><label> Tw\u00f3j Numer Telefonu<span class=\"reqiredStyle\">*<\/span><br \/>\n<span class=\"wpcf7-form-control-wrap\" data-name=\"tel-368\"><input size=\"40\" maxlength=\"400\" class=\"wpcf7-form-control wpcf7-tel wpcf7-validates-as-required wpcf7-text wpcf7-validates-as-tel phone-input\" id=\"contactPhone\" aria-required=\"true\" aria-invalid=\"false\" value=\"\" type=\"tel\" name=\"tel-368\" \/><\/span> <\/label>\n<\/p>\n<p><label> Tw\u00f3j Telegram<br \/>\n<span class=\"wpcf7-form-control-wrap\" data-name=\"your-telegram\"><input size=\"40\" maxlength=\"400\" class=\"wpcf7-form-control wpcf7-text\" aria-invalid=\"false\" value=\"\" type=\"text\" name=\"your-telegram\" \/><\/span> <\/label>\n<\/p>\n<p><label> Tw\u00f3j adres e-mail<span class=\"reqiredStyle\">*<\/span><br \/>\n<span class=\"wpcf7-form-control-wrap\" data-name=\"your-email\"><input size=\"40\" maxlength=\"400\" class=\"wpcf7-form-control wpcf7-email wpcf7-validates-as-required wpcf7-text wpcf7-validates-as-email\" aria-required=\"true\" aria-invalid=\"false\" value=\"\" type=\"email\" name=\"your-email\" \/><\/span> <\/label>\n<\/p>\n<p><label> Wakat<span class=\"reqiredStyle\">*<\/span><br \/>\n<span class=\"wpcf7-form-control-wrap\" data-name=\"vacancy\"><select class=\"wpcf7-form-control wpcf7-select wpcf7-validates-as-required\" id=\"selectVacancy\" aria-required=\"true\" aria-invalid=\"false\" name=\"vacancy\"><option value=\"\">Wybierz stanowisko<\/option><option value=\"Hiring Assistant\">Asystent Ds. Rekrutacji<\/option><option value=\"Senior UI\/Ux designer\">Starszy projektant ui \/ Ux<\/option><option value=\"Video montage specialist\">Specjalista ds. \u0432\u0438\u0434\u0435\u043e\u043c\u043e\u043d\u0442\u0430\u0436\u0443<\/option><\/select><\/span><br \/>\n<\/label>\n<\/p>\n<p><label> Za\u0142\u0105cz swoje cv<br \/>\n<\/label>\n<\/p>\n<div class=\"cf7-file\">\n\t<p><span class=\"wpcf7-form-control-wrap\" data-name=\"your-file\"><input size=\"40\" class=\"wpcf7-form-control wpcf7-file cf7-file__input\" id=\"cf7-file\" accept=\".pdf,.png,.docx\" aria-invalid=\"false\" type=\"file\" name=\"your-file\" \/><\/span>\n\t<\/p>\n\t<div class=\"uploadFlex\">\n\t\t<p><label class=\"cf7-file__btn\" for=\"cf7-file\">Pobieranie<\/label><span class=\"cf7-file__name\" data-empty=\"No File Chosen\">Plik nie wybrano<\/span>\n\t\t<\/p>\n\t<\/div>\n<\/div>\n<p><input class=\"wpcf7-form-control wpcf7-submit has-spinner\" type=\"submit\" value=\"Skontaktuj si\u0119 z nami\" \/>\n<\/p><div class=\"wpcf7-response-output\" aria-hidden=\"true\"><\/div>\n<input type=\"hidden\" name=\"trp-form-language\" value=\"pl\"\/><\/form>\n<\/div>\n<\/div>\n\t\t\t\t\t\t<\/div>\n\t\t\t\t<\/div>\n\t\t\t\t<\/div>\n\t\t\t\t\t<\/div>\n\t\t\t\t<\/div>\n\t\t\t\t<\/div>","protected":false},"excerpt":{"rendered":"<p>Prosz\u0119 wys\u0142a\u0107 zapytanie, a my skontaktujemy si\u0119 z tob\u0105<\/p>","protected":false},"author":1,"featured_media":0,"parent":0,"menu_order":0,"comment_status":"closed","ping_status":"closed","template":"","meta":{"_acf_changed":false,"footnotes":""},"class_list":["post-605","page","type-page","status-publish","hentry"],"acf":[],"_links":{"self":[{"href":"https:\/\/advibe-agency.com\/pl\/wp-json\/wp\/v2\/pages\/605","targetHints":{"allow":["GET"]}}],"collection":[{"href":"https:\/\/advibe-agency.com\/pl\/wp-json\/wp\/v2\/pages"}],"about":[{"href":"https:\/\/advibe-agency.com\/pl\/wp-json\/wp\/v2\/types\/page"}],"author":[{"embeddable":true,"href":"https:\/\/advibe-agency.com\/pl\/wp-json\/wp\/v2\/users\/1"}],"replies":[{"embeddable":true,"href":"https:\/\/advibe-agency.com\/pl\/wp-json\/wp\/v2\/comments?post=605"}],"version-history":[{"count":11,"href":"https:\/\/advibe-agency.com\/pl\/wp-json\/wp\/v2\/pages\/605\/revisions"}],"predecessor-version":[{"id":622,"href":"https:\/\/advibe-agency.com\/pl\/wp-json\/wp\/v2\/pages\/605\/revisions\/622"}],"wp:attachment":[{"href":"https:\/\/advibe-agency.com\/pl\/wp-json\/wp\/v2\/media?parent=605"}],"curies":[{"name":"wp","href":"https:\/\/api.w.org\/{rel}","templated":true}]}}